{"id":965,"date":"2018-11-27T16:50:29","date_gmt":"2018-11-27T21:50:29","guid":{"rendered":"https:\/\/ginocaron.com\/3d-perspective\/?page_id=965"},"modified":"2025-06-17T19:56:44","modified_gmt":"2025-06-17T23:56:44","slug":"illustrations-techniques","status":"publish","type":"page","link":"https:\/\/ginocaron.com\/en\/illustrations-techniques\/","title":{"rendered":"Technical 3D images"},"content":{"rendered":"","protected":false},"excerpt":{"rendered":"","protected":false},"author":1,"featured_media":0,"parent":0,"menu_order":0,"comment_status":"closed","ping_status":"closed","template":"page-gallery.php","meta":{"footnotes":""},"class_list":["post-965","page","type-page","status-publish","hentry"],"yoast_head":"<!-- This site is optimized with the Yoast SEO plugin v27.4 - https:\/\/yoast.com\/product\/yoast-seo-wordpress\/ -->\n<title>Illustrations techniques - Gino Caron - Perspective 3D, Mod\u00e9lisation 3D et Animation 3D<\/title>\n<meta name=\"description\" content=\"Les illustrations et les animations 3D constituent un moyen efficace de vulgarisation pour aider \u00e0 faire comprendre un concept, un plan ou une id\u00e9e. Voici quelques exemples d&#039;illustrations 3D r\u00e9alis\u00e9es pour des promoteurs, architectes ou ing\u00e9nieurs du secteur civil et industriel.\" \/>\n<meta name=\"robots\" content=\"index, follow, max-snippet:-1, max-image-preview:large, max-video-preview:-1\" \/>\n<link rel=\"canonical\" href=\"https:\/\/ginocaron.com\/en\/illustrations-techniques\/\" \/>\n<meta property=\"og:locale\" content=\"en_US\" \/>\n<meta property=\"og:type\" content=\"article\" \/>\n<meta property=\"og:title\" content=\"Illustrations techniques - Gino Caron - Perspective 3D, Mod\u00e9lisation 3D et Animation 3D\" \/>\n<meta property=\"og:description\" content=\"Les illustrations et les animations 3D constituent un moyen efficace de vulgarisation pour aider \u00e0 faire comprendre un concept, un plan ou une id\u00e9e. Voici quelques exemples d&#039;illustrations 3D r\u00e9alis\u00e9es pour des promoteurs, architectes ou ing\u00e9nieurs du secteur civil et industriel.\" \/>\n<meta property=\"og:url\" content=\"https:\/\/ginocaron.com\/en\/illustrations-techniques\/\" \/>\n<meta property=\"og:site_name\" content=\"Gino Caron - Perspective 3D, Mod\u00e9lisation 3D et Animation 3D\" \/>\n<meta property=\"article:publisher\" content=\"https:\/\/www.facebook.com\/Perspectives3D\/\" \/>\n<meta property=\"article:modified_time\" content=\"2025-06-17T23:56:44+00:00\" \/>\n<meta name=\"twitter:card\" content=\"summary_large_image\" \/>\n<meta name=\"twitter:label1\" content=\"Est. reading time\" \/>\n\t<meta name=\"twitter:data1\" content=\"7 minutes\" \/>\n<script type=\"application\/ld+json\" class=\"yoast-schema-graph\">{\"@context\":\"https:\\\/\\\/schema.org\",\"@graph\":[{\"@type\":\"WebPage\",\"@id\":\"https:\\\/\\\/ginocaron.com\\\/illustrations-techniques\\\/\",\"url\":\"https:\\\/\\\/ginocaron.com\\\/illustrations-techniques\\\/\",\"name\":\"Illustrations techniques - Gino Caron - Perspective 3D, Mod\u00e9lisation 3D et Animation 3D\",\"isPartOf\":{\"@id\":\"https:\\\/\\\/ginocaron.com\\\/#website\"},\"datePublished\":\"2018-11-27T21:50:29+00:00\",\"dateModified\":\"2025-06-17T23:56:44+00:00\",\"description\":\"Les illustrations et les animations 3D constituent un moyen efficace de vulgarisation pour aider \u00e0 faire comprendre un concept, un plan ou une id\u00e9e. Voici quelques exemples d'illustrations 3D r\u00e9alis\u00e9es pour des promoteurs, architectes ou ing\u00e9nieurs du secteur civil et industriel.\",\"breadcrumb\":{\"@id\":\"https:\\\/\\\/ginocaron.com\\\/illustrations-techniques\\\/#breadcrumb\"},\"inLanguage\":\"en-CA\",\"potentialAction\":[{\"@type\":\"ReadAction\",\"target\":[\"https:\\\/\\\/ginocaron.com\\\/illustrations-techniques\\\/\"]}]},{\"@type\":\"BreadcrumbList\",\"@id\":\"https:\\\/\\\/ginocaron.com\\\/illustrations-techniques\\\/#breadcrumb\",\"itemListElement\":[{\"@type\":\"ListItem\",\"position\":1,\"name\":\"Accueil\",\"item\":\"https:\\\/\\\/ginocaron.com\\\/\"},{\"@type\":\"ListItem\",\"position\":2,\"name\":\"Illustrations techniques\"}]},{\"@type\":\"WebSite\",\"@id\":\"https:\\\/\\\/ginocaron.com\\\/#website\",\"url\":\"https:\\\/\\\/ginocaron.com\\\/\",\"name\":\"Gino Caron - Perspective 3D, Mod\u00e9lisation 3D et Animation 3D\",\"description\":\"Artiste 3D\",\"publisher\":{\"@id\":\"https:\\\/\\\/ginocaron.com\\\/#organization\"},\"potentialAction\":[{\"@type\":\"SearchAction\",\"target\":{\"@type\":\"EntryPoint\",\"urlTemplate\":\"https:\\\/\\\/ginocaron.com\\\/?s={search_term_string}\"},\"query-input\":{\"@type\":\"PropertyValueSpecification\",\"valueRequired\":true,\"valueName\":\"search_term_string\"}}],\"inLanguage\":\"en-CA\"},{\"@type\":\"Organization\",\"@id\":\"https:\\\/\\\/ginocaron.com\\\/#organization\",\"name\":\"Gino Caron - Perspective 3D, Mod\u00e9lisation 3D et Animation 3D\",\"url\":\"https:\\\/\\\/ginocaron.com\\\/\",\"logo\":{\"@type\":\"ImageObject\",\"inLanguage\":\"en-CA\",\"@id\":\"https:\\\/\\\/ginocaron.com\\\/#\\\/schema\\\/logo\\\/image\\\/\",\"url\":\"https:\\\/\\\/ginocaron.com\\\/wp-content\\\/uploads\\\/2025\\\/03\\\/studio-3D.jpg\",\"contentUrl\":\"https:\\\/\\\/ginocaron.com\\\/wp-content\\\/uploads\\\/2025\\\/03\\\/studio-3D.jpg\",\"width\":1920,\"height\":1080,\"caption\":\"Gino Caron - Perspective 3D, Mod\u00e9lisation 3D et Animation 3D\"},\"image\":{\"@id\":\"https:\\\/\\\/ginocaron.com\\\/#\\\/schema\\\/logo\\\/image\\\/\"},\"sameAs\":[\"https:\\\/\\\/www.facebook.com\\\/Perspectives3D\\\/\"]}]}<\/script>\n<!-- \/ Yoast SEO plugin. -->","yoast_head_json":{"title":"Illustrations techniques - Gino Caron - Perspective 3D, Mod\u00e9lisation 3D et Animation 3D","description":"Illustrations and 3D animations are an effective way to popularize a concept, plan or idea. Here are some examples of 3D illustrations made for developers, architects or engineers in the civil and industrial sector.","robots":{"index":"index","follow":"follow","max-snippet":"max-snippet:-1","max-image-preview":"max-image-preview:large","max-video-preview":"max-video-preview:-1"},"canonical":"https:\/\/ginocaron.com\/en\/illustrations-techniques\/","og_locale":"en_US","og_type":"article","og_title":"Illustrations techniques - Gino Caron - Perspective 3D, Mod\u00e9lisation 3D et Animation 3D","og_description":"Les illustrations et les animations 3D constituent un moyen efficace de vulgarisation pour aider \u00e0 faire comprendre un concept, un plan ou une id\u00e9e. Voici quelques exemples d'illustrations 3D r\u00e9alis\u00e9es pour des promoteurs, architectes ou ing\u00e9nieurs du secteur civil et industriel.","og_url":"https:\/\/ginocaron.com\/en\/illustrations-techniques\/","og_site_name":"Gino Caron - Perspective 3D, Mod\u00e9lisation 3D et Animation 3D","article_publisher":"https:\/\/www.facebook.com\/Perspectives3D\/","article_modified_time":"2025-06-17T23:56:44+00:00","twitter_card":"summary_large_image","twitter_misc":{"Est. reading time":"7 minutes"},"schema":{"@context":"https:\/\/schema.org","@graph":[{"@type":"WebPage","@id":"https:\/\/ginocaron.com\/illustrations-techniques\/","url":"https:\/\/ginocaron.com\/illustrations-techniques\/","name":"Illustrations techniques - Gino Caron - Perspective 3D, Mod\u00e9lisation 3D et Animation 3D","isPartOf":{"@id":"https:\/\/ginocaron.com\/#website"},"datePublished":"2018-11-27T21:50:29+00:00","dateModified":"2025-06-17T23:56:44+00:00","description":"Illustrations and 3D animations are an effective way to popularize a concept, plan or idea. Here are some examples of 3D illustrations made for developers, architects or engineers in the civil and industrial sector.","breadcrumb":{"@id":"https:\/\/ginocaron.com\/illustrations-techniques\/#breadcrumb"},"inLanguage":"en-CA","potentialAction":[{"@type":"ReadAction","target":["https:\/\/ginocaron.com\/illustrations-techniques\/"]}]},{"@type":"BreadcrumbList","@id":"https:\/\/ginocaron.com\/illustrations-techniques\/#breadcrumb","itemListElement":[{"@type":"ListItem","position":1,"name":"Accueil","item":"https:\/\/ginocaron.com\/"},{"@type":"ListItem","position":2,"name":"Illustrations techniques"}]},{"@type":"WebSite","@id":"https:\/\/ginocaron.com\/#website","url":"https:\/\/ginocaron.com\/","name":"Gino Caron - Perspective 3D, Mod\u00e9lisation 3D et Animation 3D","description":"Artiste 3D","publisher":{"@id":"https:\/\/ginocaron.com\/#organization"},"potentialAction":[{"@type":"SearchAction","target":{"@type":"EntryPoint","urlTemplate":"https:\/\/ginocaron.com\/?s={search_term_string}"},"query-input":{"@type":"PropertyValueSpecification","valueRequired":true,"valueName":"search_term_string"}}],"inLanguage":"en-CA"},{"@type":"Organization","@id":"https:\/\/ginocaron.com\/#organization","name":"Gino Caron - Perspective 3D, Mod\u00e9lisation 3D et Animation 3D","url":"https:\/\/ginocaron.com\/","logo":{"@type":"ImageObject","inLanguage":"en-CA","@id":"https:\/\/ginocaron.com\/#\/schema\/logo\/image\/","url":"https:\/\/ginocaron.com\/wp-content\/uploads\/2025\/03\/studio-3D.jpg","contentUrl":"https:\/\/ginocaron.com\/wp-content\/uploads\/2025\/03\/studio-3D.jpg","width":1920,"height":1080,"caption":"Gino Caron - Perspective 3D, Mod\u00e9lisation 3D et Animation 3D"},"image":{"@id":"https:\/\/ginocaron.com\/#\/schema\/logo\/image\/"},"sameAs":["https:\/\/www.facebook.com\/Perspectives3D\/"]}]}},"_links":{"self":[{"href":"https:\/\/ginocaron.com\/en\/wp-json\/wp\/v2\/pages\/965","targetHints":{"allow":["GET"]}}],"collection":[{"href":"https:\/\/ginocaron.com\/en\/wp-json\/wp\/v2\/pages"}],"about":[{"href":"https:\/\/ginocaron.com\/en\/wp-json\/wp\/v2\/types\/page"}],"author":[{"embeddable":true,"href":"https:\/\/ginocaron.com\/en\/wp-json\/wp\/v2\/users\/1"}],"replies":[{"embeddable":true,"href":"https:\/\/ginocaron.com\/en\/wp-json\/wp\/v2\/comments?post=965"}],"version-history":[{"count":3,"href":"https:\/\/ginocaron.com\/en\/wp-json\/wp\/v2\/pages\/965\/revisions"}],"predecessor-version":[{"id":1168,"href":"https:\/\/ginocaron.com\/en\/wp-json\/wp\/v2\/pages\/965\/revisions\/1168"}],"wp:attachment":[{"href":"https:\/\/ginocaron.com\/en\/wp-json\/wp\/v2\/media?parent=965"}],"curies":[{"name":"wp","href":"https:\/\/api.w.org\/{rel}","templated":true}]}}