{"id":898,"date":"2018-11-27T14:09:07","date_gmt":"2018-11-27T19:09:07","guid":{"rendered":"https:\/\/ginocaron.com\/3d-perspective\/?page_id=898"},"modified":"2024-12-01T15:02:52","modified_gmt":"2024-12-01T20:02:52","slug":"archive-perspective-3d","status":"publish","type":"page","link":"https:\/\/ginocaron.com\/en\/archive-perspective-3d\/","title":{"rendered":"Archive Perspective 3D"},"content":{"rendered":"","protected":false},"excerpt":{"rendered":"","protected":false},"author":1,"featured_media":0,"parent":0,"menu_order":0,"comment_status":"closed","ping_status":"closed","template":"page-gallery.php","meta":{"footnotes":""},"class_list":["post-898","page","type-page","status-publish","hentry"],"yoast_head":"<!-- This site is optimized with the Yoast SEO plugin v27.4 - https:\/\/yoast.com\/product\/yoast-seo-wordpress\/ -->\n<title>Gino Caron - Perspective 3D, Mod\u00e9lisation 3D et Animation 3D<\/title>\n<meta name=\"description\" content=\"Perspectives 3D architecturales - Illustrations 3D r\u00e9alis\u00e9es \u00e0 partir de plans CAD, mod\u00e9lisations 3D existantes ou dessins \u00e0 main lev\u00e9e. Les perspectives 3D suivantes ont \u00e9t\u00e9 r\u00e9alis\u00e9es pour des architectes, designer et promoteurs.\" \/>\n<meta name=\"robots\" content=\"index, follow, max-snippet:-1, max-image-preview:large, max-video-preview:-1\" \/>\n<link rel=\"canonical\" href=\"https:\/\/ginocaron.com\/en\/archive-perspective-3d\/\" \/>\n<meta property=\"og:locale\" content=\"en_US\" \/>\n<meta property=\"og:type\" content=\"article\" \/>\n<meta property=\"og:title\" content=\"Gino Caron - Perspective 3D, Mod\u00e9lisation 3D et Animation 3D\" \/>\n<meta property=\"og:description\" content=\"Perspectives 3D architecturales - Illustrations 3D r\u00e9alis\u00e9es \u00e0 partir de plans CAD, mod\u00e9lisations 3D existantes ou dessins \u00e0 main lev\u00e9e. Les perspectives 3D suivantes ont \u00e9t\u00e9 r\u00e9alis\u00e9es pour des architectes, designer et promoteurs.\" \/>\n<meta property=\"og:url\" content=\"https:\/\/ginocaron.com\/en\/archive-perspective-3d\/\" \/>\n<meta property=\"og:site_name\" content=\"Gino Caron - Perspective 3D, Mod\u00e9lisation 3D et Animation 3D\" \/>\n<meta property=\"article:publisher\" content=\"https:\/\/www.facebook.com\/Perspectives3D\/\" \/>\n<meta property=\"article:modified_time\" content=\"2024-12-01T20:02:52+00:00\" \/>\n<meta name=\"twitter:card\" content=\"summary_large_image\" \/>\n<meta name=\"twitter:label1\" content=\"Est. reading time\" \/>\n\t<meta name=\"twitter:data1\" content=\"18 minutes\" \/>\n<script type=\"application\/ld+json\" class=\"yoast-schema-graph\">{\"@context\":\"https:\\\/\\\/schema.org\",\"@graph\":[{\"@type\":\"WebPage\",\"@id\":\"https:\\\/\\\/ginocaron.com\\\/archive-perspective-3d\\\/\",\"url\":\"https:\\\/\\\/ginocaron.com\\\/archive-perspective-3d\\\/\",\"name\":\"Gino Caron - Perspective 3D, Mod\u00e9lisation 3D et Animation 3D\",\"isPartOf\":{\"@id\":\"https:\\\/\\\/ginocaron.com\\\/#website\"},\"datePublished\":\"2018-11-27T19:09:07+00:00\",\"dateModified\":\"2024-12-01T20:02:52+00:00\",\"description\":\"Perspectives 3D architecturales - Illustrations 3D r\u00e9alis\u00e9es \u00e0 partir de plans CAD, mod\u00e9lisations 3D existantes ou dessins \u00e0 main lev\u00e9e. Les perspectives 3D suivantes ont \u00e9t\u00e9 r\u00e9alis\u00e9es pour des architectes, designer et promoteurs.\",\"breadcrumb\":{\"@id\":\"https:\\\/\\\/ginocaron.com\\\/archive-perspective-3d\\\/#breadcrumb\"},\"inLanguage\":\"en-CA\",\"potentialAction\":[{\"@type\":\"ReadAction\",\"target\":[\"https:\\\/\\\/ginocaron.com\\\/archive-perspective-3d\\\/\"]}]},{\"@type\":\"BreadcrumbList\",\"@id\":\"https:\\\/\\\/ginocaron.com\\\/archive-perspective-3d\\\/#breadcrumb\",\"itemListElement\":[{\"@type\":\"ListItem\",\"position\":1,\"name\":\"Accueil\",\"item\":\"https:\\\/\\\/ginocaron.com\\\/\"},{\"@type\":\"ListItem\",\"position\":2,\"name\":\"Archive Perspective 3D\"}]},{\"@type\":\"WebSite\",\"@id\":\"https:\\\/\\\/ginocaron.com\\\/#website\",\"url\":\"https:\\\/\\\/ginocaron.com\\\/\",\"name\":\"Gino Caron - Perspective 3D, Mod\u00e9lisation 3D et Animation 3D\",\"description\":\"Artiste 3D\",\"publisher\":{\"@id\":\"https:\\\/\\\/ginocaron.com\\\/#organization\"},\"potentialAction\":[{\"@type\":\"SearchAction\",\"target\":{\"@type\":\"EntryPoint\",\"urlTemplate\":\"https:\\\/\\\/ginocaron.com\\\/?s={search_term_string}\"},\"query-input\":{\"@type\":\"PropertyValueSpecification\",\"valueRequired\":true,\"valueName\":\"search_term_string\"}}],\"inLanguage\":\"en-CA\"},{\"@type\":\"Organization\",\"@id\":\"https:\\\/\\\/ginocaron.com\\\/#organization\",\"name\":\"Gino Caron - Perspective 3D, Mod\u00e9lisation 3D et Animation 3D\",\"url\":\"https:\\\/\\\/ginocaron.com\\\/\",\"logo\":{\"@type\":\"ImageObject\",\"inLanguage\":\"en-CA\",\"@id\":\"https:\\\/\\\/ginocaron.com\\\/#\\\/schema\\\/logo\\\/image\\\/\",\"url\":\"https:\\\/\\\/ginocaron.com\\\/wp-content\\\/uploads\\\/2025\\\/03\\\/studio-3D.jpg\",\"contentUrl\":\"https:\\\/\\\/ginocaron.com\\\/wp-content\\\/uploads\\\/2025\\\/03\\\/studio-3D.jpg\",\"width\":1920,\"height\":1080,\"caption\":\"Gino Caron - Perspective 3D, Mod\u00e9lisation 3D et Animation 3D\"},\"image\":{\"@id\":\"https:\\\/\\\/ginocaron.com\\\/#\\\/schema\\\/logo\\\/image\\\/\"},\"sameAs\":[\"https:\\\/\\\/www.facebook.com\\\/Perspectives3D\\\/\"]}]}<\/script>\n<!-- \/ Yoast SEO plugin. -->","yoast_head_json":{"title":"Gino Caron - Perspective 3D, Mod\u00e9lisation 3D et Animation 3D","description":"Perspectives 3D architecturales - Illustrations 3D r\u00e9alis\u00e9es \u00e0 partir de plans CAD, mod\u00e9lisations 3D existantes ou dessins \u00e0 main lev\u00e9e. Les perspectives 3D suivantes ont \u00e9t\u00e9 r\u00e9alis\u00e9es pour des architectes, designer et promoteurs.","robots":{"index":"index","follow":"follow","max-snippet":"max-snippet:-1","max-image-preview":"max-image-preview:large","max-video-preview":"max-video-preview:-1"},"canonical":"https:\/\/ginocaron.com\/en\/archive-perspective-3d\/","og_locale":"en_US","og_type":"article","og_title":"Gino Caron - Perspective 3D, Mod\u00e9lisation 3D et Animation 3D","og_description":"Perspectives 3D architecturales - Illustrations 3D r\u00e9alis\u00e9es \u00e0 partir de plans CAD, mod\u00e9lisations 3D existantes ou dessins \u00e0 main lev\u00e9e. Les perspectives 3D suivantes ont \u00e9t\u00e9 r\u00e9alis\u00e9es pour des architectes, designer et promoteurs.","og_url":"https:\/\/ginocaron.com\/en\/archive-perspective-3d\/","og_site_name":"Gino Caron - Perspective 3D, Mod\u00e9lisation 3D et Animation 3D","article_publisher":"https:\/\/www.facebook.com\/Perspectives3D\/","article_modified_time":"2024-12-01T20:02:52+00:00","twitter_card":"summary_large_image","twitter_misc":{"Est. reading time":"18 minutes"},"schema":{"@context":"https:\/\/schema.org","@graph":[{"@type":"WebPage","@id":"https:\/\/ginocaron.com\/archive-perspective-3d\/","url":"https:\/\/ginocaron.com\/archive-perspective-3d\/","name":"Gino Caron - Perspective 3D, Mod\u00e9lisation 3D et Animation 3D","isPartOf":{"@id":"https:\/\/ginocaron.com\/#website"},"datePublished":"2018-11-27T19:09:07+00:00","dateModified":"2024-12-01T20:02:52+00:00","description":"Perspectives 3D architecturales - Illustrations 3D r\u00e9alis\u00e9es \u00e0 partir de plans CAD, mod\u00e9lisations 3D existantes ou dessins \u00e0 main lev\u00e9e. Les perspectives 3D suivantes ont \u00e9t\u00e9 r\u00e9alis\u00e9es pour des architectes, designer et promoteurs.","breadcrumb":{"@id":"https:\/\/ginocaron.com\/archive-perspective-3d\/#breadcrumb"},"inLanguage":"en-CA","potentialAction":[{"@type":"ReadAction","target":["https:\/\/ginocaron.com\/archive-perspective-3d\/"]}]},{"@type":"BreadcrumbList","@id":"https:\/\/ginocaron.com\/archive-perspective-3d\/#breadcrumb","itemListElement":[{"@type":"ListItem","position":1,"name":"Accueil","item":"https:\/\/ginocaron.com\/"},{"@type":"ListItem","position":2,"name":"Archive Perspective 3D"}]},{"@type":"WebSite","@id":"https:\/\/ginocaron.com\/#website","url":"https:\/\/ginocaron.com\/","name":"Gino Caron - Perspective 3D, Mod\u00e9lisation 3D et Animation 3D","description":"Artiste 3D","publisher":{"@id":"https:\/\/ginocaron.com\/#organization"},"potentialAction":[{"@type":"SearchAction","target":{"@type":"EntryPoint","urlTemplate":"https:\/\/ginocaron.com\/?s={search_term_string}"},"query-input":{"@type":"PropertyValueSpecification","valueRequired":true,"valueName":"search_term_string"}}],"inLanguage":"en-CA"},{"@type":"Organization","@id":"https:\/\/ginocaron.com\/#organization","name":"Gino Caron - Perspective 3D, Mod\u00e9lisation 3D et Animation 3D","url":"https:\/\/ginocaron.com\/","logo":{"@type":"ImageObject","inLanguage":"en-CA","@id":"https:\/\/ginocaron.com\/#\/schema\/logo\/image\/","url":"https:\/\/ginocaron.com\/wp-content\/uploads\/2025\/03\/studio-3D.jpg","contentUrl":"https:\/\/ginocaron.com\/wp-content\/uploads\/2025\/03\/studio-3D.jpg","width":1920,"height":1080,"caption":"Gino Caron - Perspective 3D, Mod\u00e9lisation 3D et Animation 3D"},"image":{"@id":"https:\/\/ginocaron.com\/#\/schema\/logo\/image\/"},"sameAs":["https:\/\/www.facebook.com\/Perspectives3D\/"]}]}},"_links":{"self":[{"href":"https:\/\/ginocaron.com\/en\/wp-json\/wp\/v2\/pages\/898","targetHints":{"allow":["GET"]}}],"collection":[{"href":"https:\/\/ginocaron.com\/en\/wp-json\/wp\/v2\/pages"}],"about":[{"href":"https:\/\/ginocaron.com\/en\/wp-json\/wp\/v2\/types\/page"}],"author":[{"embeddable":true,"href":"https:\/\/ginocaron.com\/en\/wp-json\/wp\/v2\/users\/1"}],"replies":[{"embeddable":true,"href":"https:\/\/ginocaron.com\/en\/wp-json\/wp\/v2\/comments?post=898"}],"version-history":[{"count":3,"href":"https:\/\/ginocaron.com\/en\/wp-json\/wp\/v2\/pages\/898\/revisions"}],"predecessor-version":[{"id":1629,"href":"https:\/\/ginocaron.com\/en\/wp-json\/wp\/v2\/pages\/898\/revisions\/1629"}],"wp:attachment":[{"href":"https:\/\/ginocaron.com\/en\/wp-json\/wp\/v2\/media?parent=898"}],"curies":[{"name":"wp","href":"https:\/\/api.w.org\/{rel}","templated":true}]}}